{"id":697,"date":"2019-10-16T15:46:21","date_gmt":"2019-10-16T15:46:21","guid":{"rendered":"https:\/\/mostarrockschool.org\/?page_id=697"},"modified":"2020-09-22T12:05:29","modified_gmt":"2020-09-22T12:05:29","slug":"raspored-2","status":"publish","type":"page","link":"https:\/\/mostarrockschool.org\/en\/raspored-2\/","title":{"rendered":"Schedule"},"content":{"rendered":"<div data-elementor-type=\"wp-page\" data-elementor-id=\"697\" class=\"elementor elementor-697\">\n\t\t\t\t\t\t\t\t\t<section class=\"elementor-section elementor-top-section elementor-element elementor-element-f2a8080 elementor-section-stretched elementor-section-boxed elementor-section-height-default elementor-section-height-default\" data-id=\"f2a8080\" data-element_type=\"section\" data-settings=\"{&quot;stretch_section&quot;:&quot;section-stretched&quot;,&quot;background_background&quot;:&quot;classic&quot;}\">\n\t\t\t\t\t\t<div class=\"elementor-container elementor-column-gap-default\">\n\t\t\t\t\t<div class=\"elementor-column elementor-col-100 elementor-top-column elementor-element elementor-element-0572ab2\" data-id=\"0572ab2\" data-element_type=\"column\" data-settings=\"{&quot;background_background&quot;:&quot;classic&quot;}\">\n\t\t\t<div class=\"elementor-widget-wrap elementor-element-populated\">\n\t\t\t\t\t\t\t\t<div class=\"elementor-element elementor-element-bb3b4cf elementor-widget elementor-widget-sina_content_box\" data-id=\"bb3b4cf\" data-element_type=\"widget\" data-widget_type=\"sina_content_box.default\">\n\t\t\t\t<div class=\"elementor-widget-container\">\n\t\t\t\t\t<div class=\"sina-content-box clearfix sina-content-box-zoom\">\r\n\r\n\t\t\t\r\n\t\t\t\r\n\t\t\t\t\t\t\t\t\t\t\t\t\t\t<div class=\"sina-content-box-icon\">\r\n\t\t\t\t\t\t\t<i class=\"fa fa-calendar\"><\/i>\r\n\t\t\t\t\t\t<\/div>\r\n\t\t\t\t\t\r\n\t\t\t\t\t<div class=\"sina-content-box-content\">\r\n\t\t\t\t\t\t\t\t\t\t\t\t\t<h3 class=\"sina-content-box-title\">\r\n\t\t\t\t\t\t\t\t\t\t\t\t\t\t\t\t\t<a href=\"https:\/\/planer.mostarrockschool.org\/\"\r\n\t\t\t\t\t\t\t\t\t\t\t\t\t\t\t\t\t\t\t\t>\r\n\t\t\t\t\t\t\t\t\t\tSCHEDULE\t\t\t\t\t\t\t\t\t<\/a>\r\n\t\t\t\t\t\t\t\t\t\t\t\t\t\t\t<\/h3>\r\n\t\t\t\t\t\t\r\n\t\t\t\t\t\t\t\t\t\t\t\t\t<div class=\"sina-content-box-desc\">Provjerite ili zaka\u017eite termine za vje\u017ebe, probe i \u010dasove.<\/div>\t\t\t\t\t\t\r\n\t\t\t\t\t\t\t\t\t\t\t<\/div>\r\n\t\t\t\t\t<\/div><!-- .sina-content-box -->\r\n\t\t\t\t<\/div>\n\t\t\t\t<\/div>\n\t\t\t\t\t<\/div>\n\t\t<\/div>\n\t\t\t\t\t\t\t<\/div>\n\t\t<\/section>\n\t\t\t\t\t\t\t<\/div>","protected":false},"excerpt":{"rendered":"<p>RASPORED Provjerite ili zaka\u017eite termine za vje\u017ebe, probe i \u010dasove.<\/p>","protected":false},"author":1,"featured_media":0,"parent":0,"menu_order":0,"comment_status":"closed","ping_status":"closed","template":"","meta":{"footnotes":""},"yoast_head":"<!-- This site is optimized with the Yoast SEO plugin v21.7 - https:\/\/yoast.com\/wordpress\/plugins\/seo\/ -->\n<title>Raspored - Mostar Rock School<\/title>\n<meta name=\"robots\" content=\"index, follow, max-snippet:-1, max-image-preview:large, max-video-preview:-1\" \/>\n<link rel=\"canonical\" href=\"https:\/\/mostarrockschool.org\/en\/raspored-2\/\" \/>\n<meta property=\"og:locale\" content=\"en_US\" \/>\n<meta property=\"og:type\" content=\"article\" \/>\n<meta property=\"og:title\" content=\"Raspored - Mostar Rock School\" \/>\n<meta property=\"og:description\" content=\"RASPORED Provjerite ili zaka\u017eite termine za vje\u017ebe, probe i \u010dasove.\" \/>\n<meta property=\"og:url\" content=\"https:\/\/mostarrockschool.org\/en\/raspored-2\/\" \/>\n<meta property=\"og:site_name\" content=\"Mostar Rock School\" \/>\n<meta property=\"article:publisher\" content=\"https:\/\/www.facebook.com\/MostarRockSchool\/\" \/>\n<meta property=\"article:modified_time\" content=\"2020-09-22T12:05:29+00:00\" \/>\n<meta name=\"twitter:card\" content=\"summary_large_image\" \/>\n<script type=\"application\/ld+json\" class=\"yoast-schema-graph\">{\"@context\":\"https:\/\/schema.org\",\"@graph\":[{\"@type\":\"WebPage\",\"@id\":\"https:\/\/mostarrockschool.org\/raspored-2\/\",\"url\":\"https:\/\/mostarrockschool.org\/raspored-2\/\",\"name\":\"Raspored - Mostar Rock School\",\"isPartOf\":{\"@id\":\"https:\/\/mostarrockschool.org\/#website\"},\"datePublished\":\"2019-10-16T15:46:21+00:00\",\"dateModified\":\"2020-09-22T12:05:29+00:00\",\"breadcrumb\":{\"@id\":\"https:\/\/mostarrockschool.org\/raspored-2\/#breadcrumb\"},\"inLanguage\":\"en-US\",\"potentialAction\":[{\"@type\":\"ReadAction\",\"target\":[\"https:\/\/mostarrockschool.org\/raspored-2\/\"]}]},{\"@type\":\"BreadcrumbList\",\"@id\":\"https:\/\/mostarrockschool.org\/raspored-2\/#breadcrumb\",\"itemListElement\":[{\"@type\":\"ListItem\",\"position\":1,\"name\":\"Home\",\"item\":\"https:\/\/mostarrockschool.org\/\"},{\"@type\":\"ListItem\",\"position\":2,\"name\":\"Raspored\"}]},{\"@type\":\"WebSite\",\"@id\":\"https:\/\/mostarrockschool.org\/#website\",\"url\":\"https:\/\/mostarrockschool.org\/\",\"name\":\"Mostar Rock School\",\"description\":\"Mostar Rock School\",\"publisher\":{\"@id\":\"https:\/\/mostarrockschool.org\/#organization\"},\"potentialAction\":[{\"@type\":\"SearchAction\",\"target\":{\"@type\":\"EntryPoint\",\"urlTemplate\":\"https:\/\/mostarrockschool.org\/?s={search_term_string}\"},\"query-input\":\"required name=search_term_string\"}],\"inLanguage\":\"en-US\"},{\"@type\":\"Organization\",\"@id\":\"https:\/\/mostarrockschool.org\/#organization\",\"name\":\"Mostar Rock School\",\"url\":\"https:\/\/mostarrockschool.org\/\",\"logo\":{\"@type\":\"ImageObject\",\"inLanguage\":\"en-US\",\"@id\":\"https:\/\/mostarrockschool.org\/#\/schema\/logo\/image\/\",\"url\":\"https:\/\/mostarrockschool.org\/wp-content\/uploads\/2019\/09\/MORS-Logo-png.png\",\"contentUrl\":\"https:\/\/mostarrockschool.org\/wp-content\/uploads\/2019\/09\/MORS-Logo-png.png\",\"width\":701,\"height\":992,\"caption\":\"Mostar Rock School\"},\"image\":{\"@id\":\"https:\/\/mostarrockschool.org\/#\/schema\/logo\/image\/\"},\"sameAs\":[\"https:\/\/www.facebook.com\/MostarRockSchool\/\",\"https:\/\/www.instagram.com\/mostar_rock_school\/\",\"https:\/\/www.youtube.com\/user\/mostarrockschool\"]}]}<\/script>\n<!-- \/ Yoast SEO plugin. -->","yoast_head_json":{"title":"Raspored - Mostar Rock School","robots":{"index":"index","follow":"follow","max-snippet":"max-snippet:-1","max-image-preview":"max-image-preview:large","max-video-preview":"max-video-preview:-1"},"canonical":"https:\/\/mostarrockschool.org\/en\/raspored-2\/","og_locale":"en_US","og_type":"article","og_title":"Raspored - Mostar Rock School","og_description":"RASPORED Provjerite ili zaka\u017eite termine za vje\u017ebe, probe i \u010dasove.","og_url":"https:\/\/mostarrockschool.org\/en\/raspored-2\/","og_site_name":"Mostar Rock School","article_publisher":"https:\/\/www.facebook.com\/MostarRockSchool\/","article_modified_time":"2020-09-22T12:05:29+00:00","twitter_card":"summary_large_image","schema":{"@context":"https:\/\/schema.org","@graph":[{"@type":"WebPage","@id":"https:\/\/mostarrockschool.org\/raspored-2\/","url":"https:\/\/mostarrockschool.org\/raspored-2\/","name":"Raspored - Mostar Rock School","isPartOf":{"@id":"https:\/\/mostarrockschool.org\/#website"},"datePublished":"2019-10-16T15:46:21+00:00","dateModified":"2020-09-22T12:05:29+00:00","breadcrumb":{"@id":"https:\/\/mostarrockschool.org\/raspored-2\/#breadcrumb"},"inLanguage":"en-US","potentialAction":[{"@type":"ReadAction","target":["https:\/\/mostarrockschool.org\/raspored-2\/"]}]},{"@type":"BreadcrumbList","@id":"https:\/\/mostarrockschool.org\/raspored-2\/#breadcrumb","itemListElement":[{"@type":"ListItem","position":1,"name":"Home","item":"https:\/\/mostarrockschool.org\/"},{"@type":"ListItem","position":2,"name":"Raspored"}]},{"@type":"WebSite","@id":"https:\/\/mostarrockschool.org\/#website","url":"https:\/\/mostarrockschool.org\/","name":"Mostar Rock School","description":"Mostar Rock School","publisher":{"@id":"https:\/\/mostarrockschool.org\/#organization"},"potentialAction":[{"@type":"SearchAction","target":{"@type":"EntryPoint","urlTemplate":"https:\/\/mostarrockschool.org\/?s={search_term_string}"},"query-input":"required name=search_term_string"}],"inLanguage":"en-US"},{"@type":"Organization","@id":"https:\/\/mostarrockschool.org\/#organization","name":"Mostar Rock School","url":"https:\/\/mostarrockschool.org\/","logo":{"@type":"ImageObject","inLanguage":"en-US","@id":"https:\/\/mostarrockschool.org\/#\/schema\/logo\/image\/","url":"https:\/\/mostarrockschool.org\/wp-content\/uploads\/2019\/09\/MORS-Logo-png.png","contentUrl":"https:\/\/mostarrockschool.org\/wp-content\/uploads\/2019\/09\/MORS-Logo-png.png","width":701,"height":992,"caption":"Mostar Rock School"},"image":{"@id":"https:\/\/mostarrockschool.org\/#\/schema\/logo\/image\/"},"sameAs":["https:\/\/www.facebook.com\/MostarRockSchool\/","https:\/\/www.instagram.com\/mostar_rock_school\/","https:\/\/www.youtube.com\/user\/mostarrockschool"]}]}},"_links":{"self":[{"href":"https:\/\/mostarrockschool.org\/en\/wp-json\/wp\/v2\/pages\/697"}],"collection":[{"href":"https:\/\/mostarrockschool.org\/en\/wp-json\/wp\/v2\/pages"}],"about":[{"href":"https:\/\/mostarrockschool.org\/en\/wp-json\/wp\/v2\/types\/page"}],"author":[{"embeddable":true,"href":"https:\/\/mostarrockschool.org\/en\/wp-json\/wp\/v2\/users\/1"}],"replies":[{"embeddable":true,"href":"https:\/\/mostarrockschool.org\/en\/wp-json\/wp\/v2\/comments?post=697"}],"version-history":[{"count":10,"href":"https:\/\/mostarrockschool.org\/en\/wp-json\/wp\/v2\/pages\/697\/revisions"}],"predecessor-version":[{"id":951,"href":"https:\/\/mostarrockschool.org\/en\/wp-json\/wp\/v2\/pages\/697\/revisions\/951"}],"wp:attachment":[{"href":"https:\/\/mostarrockschool.org\/en\/wp-json\/wp\/v2\/media?parent=697"}],"curies":[{"name":"wp","href":"https:\/\/api.w.org\/{rel}","templated":true}]}}